{"id":9,"date":"2015-11-10T14:31:18","date_gmt":"2015-11-10T14:31:18","guid":{"rendered":"http:\/\/romania.ggb.lv\/?page_id=9"},"modified":"2024-11-05T15:15:55","modified_gmt":"2024-11-05T15:15:55","slug":"home","status":"publish","type":"page","link":"https:\/\/romaniahonconsulate.lv\/ro\/","title":{"rendered":"Bine a\u0163i venit"},"content":{"rendered":"<p><\/p>\n<p><a href=\"https:\/\/romaniahonconsulate.lv\/wp-content\/uploads\/2024\/11\/WhatsApp-Image-2024-11-05-at-14.19.38_bdd9f672_cr_sm.jpg\"><img loading=\"lazy\" class=\"alignnone size-medium wp-image-2188\" src=\"https:\/\/romaniahonconsulate.lv\/wp-content\/uploads\/2024\/11\/WhatsApp-Image-2024-11-05-at-14.19.38_bdd9f672_cr_sm-300x200.jpg\" alt=\"\" width=\"300\" height=\"200\" srcset=\"https:\/\/romaniahonconsulate.lv\/wp-content\/uploads\/2024\/11\/WhatsApp-Image-2024-11-05-at-14.19.38_bdd9f672_cr_sm-300x200.jpg 300w, https:\/\/romaniahonconsulate.lv\/wp-content\/uploads\/2024\/11\/WhatsApp-Image-2024-11-05-at-14.19.38_bdd9f672_cr_sm-768x511.jpg 768w, https:\/\/romaniahonconsulate.lv\/wp-content\/uploads\/2024\/11\/WhatsApp-Image-2024-11-05-at-14.19.38_bdd9f672_cr_sm-700x466.jpg 700w, https:\/\/romaniahonconsulate.lv\/wp-content\/uploads\/2024\/11\/WhatsApp-Image-2024-11-05-at-14.19.38_bdd9f672_cr_sm.jpg 946w\" sizes=\"(max-width: 300px) 100vw, 300px\" \/><\/a><\/p>\n<p>05.11.2024. Ambasadorul Rom\u00e2niei \u00een Republica Letonia, Sergiu Nistor, a prezentat ast\u0103zi scrisorile de acreditare c\u0103tre Pre\u0219edintele Edgars Rink\u0113vi\u010ds, angaj\u00e2ndu-se \u00een aprofundarea \u0219i consolidarea colabor\u0103rii solide \u0219i a parteneriatului dintre cele dou\u0103 \u021b\u0103ri.<\/p>\n<hr>\n<p style=\"text-align: justify;\">Bine a\u0163i venit pe pagina Consulatului Onorific al Rom\u00e2niei \u00een Riga, frumoasa capitala a unui dintre Statele Baltice \u2013 Letonia. Misiunea Consulatului este s\u0103 fortifice rela\u0163iile politice, economice \u015fi culturale dintre Rom\u00e2nia \u015fi Letonia, s\u0103 ofere asisten\u0163\u0103 comunit\u0103\u0163ii rom\u00e2ne \u00een Letonia, precum \u015fi informa\u0163ii utile acelor letoni care caut\u0103 s\u0103 cunoasc\u0103, s\u0103 viziteze sau s\u0103 fac\u0103 afaceri \u00een Rom\u00e2nia.<\/p>\n<p style=\"text-align: justify;\">Consulatul Onorific este str\u00e2ns legat de Ambasada Rom\u00e2niei acreditat\u0103 \u00een Letonia.<\/p>\n<p style=\"text-align: justify;\">Mai mult, Consulatul colaboreaz\u0103 cu Camera de Comer\u0163 Bilateral\u0103 a Rom\u00e2niei \u015fi Letoniei, astfel deschiz\u00e2nd por\u0163i noi pentru oportunit\u0103\u0163i de afaceri \u015fi cre\u015ftere economic\u0103 \u00een cele dou\u0103 \u0163\u0103ri.<\/p>\n<p style=\"text-align: justify;\">Fiecare cet\u0103\u0163ean rom\u00e2n sau leton este bine venit la Consulat cu idei cum s\u0103 \u00eembog\u0103\u0163im leg\u0103turile dintre popoarele noastre, fie prin turism, schimburi culturale sau economice.<\/p>\n<p style=\"text-align: justify;\">Ileana Adriana Rutman, Consul Onorific<\/p>\n<figure id=\"attachment_38\" aria-describedby=\"caption-attachment-38\" style=\"width: 300px\" class=\"wp-caption alignnone\"><a href=\"http:\/\/romaniahonconsulate.lv\/wp-content\/uploads\/2015\/11\/With-The-President.jpg\"><img loading=\"lazy\" class=\"wp-image-38 size-medium\" src=\"http:\/\/romaniahonconsulate.lv\/wp-content\/uploads\/2015\/11\/With-The-President-300x200.jpg\" alt=\"With The President\" width=\"300\" height=\"200\" srcset=\"https:\/\/romaniahonconsulate.lv\/wp-content\/uploads\/2015\/11\/With-The-President-300x200.jpg 300w, https:\/\/romaniahonconsulate.lv\/wp-content\/uploads\/2015\/11\/With-The-President.jpg 1024w, https:\/\/romaniahonconsulate.lv\/wp-content\/uploads\/2015\/11\/With-The-President-700x466.jpg 700w\" sizes=\"(max-width: 300px) 100vw, 300px\" \/><\/a><figcaption id=\"caption-attachment-38\" class=\"wp-caption-text\">Doamna Ileana A. Rutman \u00eempreuna cu Pre\u015fedintele Rom\u00e2niei Excelen\u0163a Sa domnul Klaus Iohannis la Riga<\/figcaption><\/figure>\n<p><\/p>","protected":false},"excerpt":{"rendered":"<p>05.11.2024. Ambasadorul Rom\u00e2niei \u00een Republica Letonia, Sergiu Nistor, a prezentat ast\u0103zi scrisorile de acreditare c\u0103tre Pre\u0219edintele Edgars Rink\u0113vi\u010ds, angaj\u00e2ndu-se \u00een aprofundarea \u0219i consolidarea colabor\u0103rii solide \u0219i a parteneriatului dintre cele dou\u0103 \u021b\u0103ri. Bine a\u0163i venit pe pagina Consulatului Onorific al Rom\u00e2niei \u00een Riga, frumoasa capitala a unui dintre Statele Baltice &#8230;<\/p>\n","protected":false},"author":6,"featured_media":0,"parent":0,"menu_order":0,"comment_status":"closed","ping_status":"closed","template":"","meta":{"ngg_post_thumbnail":0},"_links":{"self":[{"href":"https:\/\/romaniahonconsulate.lv\/ro\/wp-json\/wp\/v2\/pages\/9"}],"collection":[{"href":"https:\/\/romaniahonconsulate.lv\/ro\/wp-json\/wp\/v2\/pages"}],"about":[{"href":"https:\/\/romaniahonconsulate.lv\/ro\/wp-json\/wp\/v2\/types\/page"}],"author":[{"embeddable":true,"href":"https:\/\/romaniahonconsulate.lv\/ro\/wp-json\/wp\/v2\/users\/6"}],"replies":[{"embeddable":true,"href":"https:\/\/romaniahonconsulate.lv\/ro\/wp-json\/wp\/v2\/comments?post=9"}],"version-history":[{"count":114,"href":"https:\/\/romaniahonconsulate.lv\/ro\/wp-json\/wp\/v2\/pages\/9\/revisions"}],"predecessor-version":[{"id":2195,"href":"https:\/\/romaniahonconsulate.lv\/ro\/wp-json\/wp\/v2\/pages\/9\/revisions\/2195"}],"wp:attachment":[{"href":"https:\/\/romaniahonconsulate.lv\/ro\/wp-json\/wp\/v2\/media?parent=9"}],"curies":[{"name":"wp","href":"https:\/\/api.w.org\/{rel}","templated":true}]}}