{"id":516,"date":"2017-06-28T13:45:28","date_gmt":"2017-06-28T13:45:28","guid":{"rendered":"http:\/\/romaniahonconsulate.lv\/?page_id=516"},"modified":"2017-07-28T09:19:43","modified_gmt":"2017-07-28T09:19:43","slug":"useful-links","status":"publish","type":"page","link":"https:\/\/romaniahonconsulate.lv\/ro\/useful-links\/","title":{"rendered":"Link-uri utile"},"content":{"rendered":"<p>Ministerul Afacerilor Externe al Rom\u00e2niei: <a href=\"http:\/\/www.mae.ro\/\">www.mae.ro<\/a><\/p>\n<p>Ambasada Rom\u00e2niei \u00een Lituania (acreditat\u0103 \u015fi \u00een Letonia): <a href=\"http:\/\/vilnius.mae.ro\/en\">http:\/\/vilnius.mae.ro\/en<\/a><\/p>\n<p>Viza on-line: <a href=\"http:\/\/evisa.mae.ro\/\">http:\/\/evisa.mae.ro\/<\/a><\/p>\n<p>Serviciile consulare on-line: <a href=\"https:\/\/www.econsulat.ro\/\">https:\/\/www.econsulat.ro\/<\/a><\/p>\n<p>Ministerul pentru Rom\u00e2nii de Pretutindeni: <a href=\"http:\/\/www.dprp.gov.ro\/\">http:\/\/www.dprp.gov.ro\/<\/a><\/p>\n<p>Tabara de var\u0103 pentru copiii rom\u00e2ni din diaspor\u0103: <a href=\"http:\/\/www.dprp.gov.ro\/au-inceput-inscrierile-pentru-programul-de-tabere-arc-2017-2\/\">http:\/\/www.dprp.gov.ro\/au-inceput-inscrierile-pentru-programul-de-tabere-arc-2017-2\/<\/a><\/p>\n<p>Oficiul Na\u0163ional Rom\u00e2n de Turism: <a href=\"http:\/\/romaniatourism.com\/\">http:\/\/romaniatourism.com\/<\/a><\/p>\n<p>Camera de Comer\u0163 \u015fi Industrie a Rom\u00e2niei: <a href=\"http:\/\/www.ccir.ro\">www.ccir.ro<\/a><\/p>\n<p>Sistemul Na\u0163ional de Informa\u0163ii de Afaceri: <a href=\"http:\/\/www.snia.ro\/\">http:\/\/www.snia.ro\/<\/a><\/p>\n<p>Topul Na\u0163ional al Firmelor Rom\u00e2ne: <a href=\"http:\/\/tnf.ro\/\">http:\/\/tnf.ro\/<\/a><\/p>\n<p>Profilul Rom\u00e2niei pe BBC: <a href=\"http:\/\/www.bbc.com\/news\/world-europe-17776265\">http:\/\/www.bbc.com\/news\/world-europe-17776265<\/a><\/p>","protected":false},"excerpt":{"rendered":"<p>Ministerul Afacerilor Externe al Rom\u00e2niei: www.mae.ro Ambasada Rom\u00e2niei \u00een Lituania (acreditat\u0103 \u015fi \u00een Letonia): http:\/\/vilnius.mae.ro\/en Viza on-line: http:\/\/evisa.mae.ro\/ Serviciile consulare on-line: https:\/\/www.econsulat.ro\/ Ministerul pentru Rom\u00e2nii de Pretutindeni: http:\/\/www.dprp.gov.ro\/ Tabara de var\u0103 pentru copiii rom\u00e2ni din diaspor\u0103: http:\/\/www.dprp.gov.ro\/au-inceput-inscrierile-pentru-programul-de-tabere-arc-2017-2\/ Oficiul Na\u0163ional Rom\u00e2n de Turism: http:\/\/romaniatourism.com\/ Camera de Comer\u0163 \u015fi Industrie a Rom\u00e2niei: &#8230;<\/p>\n","protected":false},"author":4,"featured_media":0,"parent":0,"menu_order":9,"comment_status":"closed","ping_status":"closed","template":"","meta":{"ngg_post_thumbnail":0},"_links":{"self":[{"href":"https:\/\/romaniahonconsulate.lv\/ro\/wp-json\/wp\/v2\/pages\/516"}],"collection":[{"href":"https:\/\/romaniahonconsulate.lv\/ro\/wp-json\/wp\/v2\/pages"}],"about":[{"href":"https:\/\/romaniahonconsulate.lv\/ro\/wp-json\/wp\/v2\/types\/page"}],"author":[{"embeddable":true,"href":"https:\/\/romaniahonconsulate.lv\/ro\/wp-json\/wp\/v2\/users\/4"}],"replies":[{"embeddable":true,"href":"https:\/\/romaniahonconsulate.lv\/ro\/wp-json\/wp\/v2\/comments?post=516"}],"version-history":[{"count":13,"href":"https:\/\/romaniahonconsulate.lv\/ro\/wp-json\/wp\/v2\/pages\/516\/revisions"}],"predecessor-version":[{"id":897,"href":"https:\/\/romaniahonconsulate.lv\/ro\/wp-json\/wp\/v2\/pages\/516\/revisions\/897"}],"wp:attachment":[{"href":"https:\/\/romaniahonconsulate.lv\/ro\/wp-json\/wp\/v2\/media?parent=516"}],"curies":[{"name":"wp","href":"https:\/\/api.w.org\/{rel}","templated":true}]}}