{"id":21,"date":"2015-11-10T14:36:27","date_gmt":"2015-11-10T14:36:27","guid":{"rendered":"http:\/\/romania.ggb.lv\/?page_id=21"},"modified":"2021-02-26T14:09:07","modified_gmt":"2021-02-26T14:09:07","slug":"culture","status":"publish","type":"page","link":"https:\/\/romaniahonconsulate.lv\/ro\/culture\/","title":{"rendered":"Cultura"},"content":{"rendered":"<p><\/p>\n<p style=\"text-align: justify;\">So\u0163ia Pre\u015fedintelui Rom\u00e2n doamna Carmen Iohannis \u00eempreuna cu so\u0163ia Pre\u015fedintelui Francez doamna Brigitte Macron admir\u00e2nd costumele na\u0163ionale rom\u00e2ne la Muzeul Satului (<a href=\"http:\/\/muzeul-satului.ro\">http:\/\/muzeul-satului.ro<\/a>)<\/p>\n<p style=\"text-align: justify;\"><a href=\"http:\/\/romaniahonconsulate.lv\/wp-content\/uploads\/2015\/11\/original_fotografii_octav_ganea_17.jpg\"><img loading=\"lazy\" class=\"alignnone size-medium wp-image-916\" src=\"http:\/\/romaniahonconsulate.lv\/wp-content\/uploads\/2015\/11\/original_fotografii_octav_ganea_17-300x200.jpg\" alt=\"original_fotografii_octav_ganea_17\" width=\"300\" height=\"200\" srcset=\"https:\/\/romaniahonconsulate.lv\/wp-content\/uploads\/2015\/11\/original_fotografii_octav_ganea_17-300x200.jpg 300w, https:\/\/romaniahonconsulate.lv\/wp-content\/uploads\/2015\/11\/original_fotografii_octav_ganea_17-1024x683.jpg 1024w, https:\/\/romaniahonconsulate.lv\/wp-content\/uploads\/2015\/11\/original_fotografii_octav_ganea_17-700x467.jpg 700w\" sizes=\"(max-width: 300px) 100vw, 300px\" \/><\/a><\/p>\n<p style=\"text-align: justify;\">Celebrul pictor contemporan rom\u00e2n <strong>Adrian Ghenie<\/strong><\/p>\n<p style=\"text-align: justify;\"><a href=\"http:\/\/romaniahonconsulate.lv\/wp-content\/uploads\/2015\/11\/Adrian-Ghenie-Profile-image.jpg\"><img loading=\"lazy\" class=\"alignnone size-medium wp-image-909\" src=\"http:\/\/romaniahonconsulate.lv\/wp-content\/uploads\/2015\/11\/Adrian-Ghenie-Profile-image-300x150.jpg\" alt=\"Adrian-Ghenie-Profile-image\" width=\"300\" height=\"150\" srcset=\"https:\/\/romaniahonconsulate.lv\/wp-content\/uploads\/2015\/11\/Adrian-Ghenie-Profile-image-300x150.jpg 300w, https:\/\/romaniahonconsulate.lv\/wp-content\/uploads\/2015\/11\/Adrian-Ghenie-Profile-image-1024x512.jpg 1024w, https:\/\/romaniahonconsulate.lv\/wp-content\/uploads\/2015\/11\/Adrian-Ghenie-Profile-image-700x350.jpg 700w, https:\/\/romaniahonconsulate.lv\/wp-content\/uploads\/2015\/11\/Adrian-Ghenie-Profile-image.jpg 1200w\" sizes=\"(max-width: 300px) 100vw, 300px\" \/><\/a><\/p>\n<p style=\"text-align: justify;\">Mai mult\u0103 informa\u0163ie despre pictor: <a href=\"http:\/\/www.pacegallery.com\/artists\/144\/adrian-ghenie\">http:\/\/www.pacegallery.com\/artists\/144\/adrian-ghenie<\/a><\/p>\n<p style=\"text-align: justify;\">Rom\u00e2nia are \u00een jur de dou\u0103zeci de Institute Culturale Rom\u00e2ne \u00een \u00eentreaga lume. V\u0103 rug\u0103m s\u0103 vizita\u0163i pagina de internet pentru a afla mai mult despre cultura rom\u00e2n\u0103 contemporan\u0103: <a href=\"http:\/\/icr.ro\/\">http:\/\/icr.ro\/<\/a><\/p>\n<p style=\"text-align: justify;\">Fiecare an diferite universit\u0103\u0163i din Rom\u00e2nia organizeaz\u0103 \u015fcoli de var\u0103 pentru studierea limbii, culturii \u015fi a civiliza\u0163iei rom\u00e2ne. Programul include nu numai cursuri intensive de limba rom\u00e2n\u0103 pe diferite niveluri de cuno\u015ftin\u0163e, dar \u015fi un vast program cultural cu excursii, vizion\u0103ri \u015fi seri culturale. De exemplu, Universitatea din Bucure\u015fti a c\u0103p\u0103tat recuno\u015ftin\u0163\u0103 prin experien\u0163a a peste jum\u0103tate de secol de organizare a unor astfel \u015fcoli de var\u0103: <a href=\"http:\/\/www.unibuc.ro\/e\/n\/studii\/summ-scho\/index.php\">http:\/\/www.unibuc.ro\/e\/n\/studii\/summ-scho\/index.php<\/a><\/p>\n<p style=\"text-align: justify;\">Programul pentru sus\u0163inerea traducerilor \u015fi a publica\u0163iilor faciliteaz\u0103 sponsorizarea editorilor str\u0103ine care doresc de publice traducerile autorilor rom\u00e2ni. Pentru mai multe informa\u0163ii: <a href=\"http:\/\/cennac.ro\/anunturi\/tps-1\/prezentare-12\">http:\/\/cennac.ro\/anunturi\/tps-1\/prezentare-12<\/a><\/p>\n<p style=\"text-align: left;\">Informa\u0163ii privind posibilit\u0103\u0163ile de studii \u00een Rom\u00e2nia: <a href=\"https:\/\/www.studyinromania.gov.ro\/fp\/index.php\">https:\/\/www.studyinromania.gov.ro\/fp\/index.php<\/a>?<\/p>\n<p style=\"text-align: justify;\"><a href=\"http:\/\/www.studyinginromania.com\/\">http:\/\/www.studyinginromania.com\/<\/a><\/p>\n<p>O hart\u0103 interactiv\u0103 cu cele mai frumoase biserici fortificate din Transilvania, Rom\u00e2nia (inclusiv video): <a href=\"http:\/\/arcg.is\/2vF3DD5\">http:\/\/arcg.is\/2vF3DD5<\/a><\/p>","protected":false},"excerpt":{"rendered":"<p>So\u0163ia Pre\u015fedintelui Rom\u00e2n doamna Carmen Iohannis \u00eempreuna cu so\u0163ia Pre\u015fedintelui Francez doamna Brigitte Macron admir\u00e2nd costumele na\u0163ionale rom\u00e2ne la Muzeul Satului (http:\/\/muzeul-satului.ro) Celebrul pictor contemporan rom\u00e2n Adrian Ghenie Mai mult\u0103 informa\u0163ie despre pictor: http:\/\/www.pacegallery.com\/artists\/144\/adrian-ghenie Rom\u00e2nia are \u00een jur de dou\u0103zeci de Institute Culturale Rom\u00e2ne \u00een \u00eentreaga lume. V\u0103 rug\u0103m s\u0103 &#8230;<\/p>\n","protected":false},"author":4,"featured_media":0,"parent":0,"menu_order":0,"comment_status":"closed","ping_status":"closed","template":"","meta":{"ngg_post_thumbnail":0},"_links":{"self":[{"href":"https:\/\/romaniahonconsulate.lv\/ro\/wp-json\/wp\/v2\/pages\/21"}],"collection":[{"href":"https:\/\/romaniahonconsulate.lv\/ro\/wp-json\/wp\/v2\/pages"}],"about":[{"href":"https:\/\/romaniahonconsulate.lv\/ro\/wp-json\/wp\/v2\/types\/page"}],"author":[{"embeddable":true,"href":"https:\/\/romaniahonconsulate.lv\/ro\/wp-json\/wp\/v2\/users\/4"}],"replies":[{"embeddable":true,"href":"https:\/\/romaniahonconsulate.lv\/ro\/wp-json\/wp\/v2\/comments?post=21"}],"version-history":[{"count":35,"href":"https:\/\/romaniahonconsulate.lv\/ro\/wp-json\/wp\/v2\/pages\/21\/revisions"}],"predecessor-version":[{"id":1768,"href":"https:\/\/romaniahonconsulate.lv\/ro\/wp-json\/wp\/v2\/pages\/21\/revisions\/1768"}],"wp:attachment":[{"href":"https:\/\/romaniahonconsulate.lv\/ro\/wp-json\/wp\/v2\/media?parent=21"}],"curies":[{"name":"wp","href":"https:\/\/api.w.org\/{rel}","templated":true}]}}