{"id":19,"date":"2015-11-10T14:35:55","date_gmt":"2015-11-10T14:35:55","guid":{"rendered":"http:\/\/romania.ggb.lv\/?page_id=19"},"modified":"2021-03-08T12:06:16","modified_gmt":"2021-03-08T12:06:16","slug":"business","status":"publish","type":"page","link":"https:\/\/romaniahonconsulate.lv\/ro\/business\/","title":{"rendered":"Economia"},"content":{"rendered":"<p><\/p>\n<p style=\"text-align: justify;\">Economia Rom\u00e2niei este caracterizat\u0103 de stabilitatea pre\u0163urilor, stabilitatea financiar\u0103 \u015fi stabilitatea cursului de schimb valutar raportat la moneda european\u0103.<\/p>\n<p style=\"text-align: justify;\">Pozi\u0163ia investi\u0163ional\u0103 interna\u0163ional\u0103 s-a \u00eembun\u0103t\u0103\u0163it, sc\u0103z\u00e2nd la un deficit sub 50% din Produsul Intern Brut \u00een martie 2016 (comparativ, nivelul din martie 2015 era de aproximativ \u201355% din PIB).<\/p>\n<p style=\"text-align: justify;\">Economia rom\u00e2n\u0103 a \u00eenregistrat o cre\u015ftere \u00een 2016, datorit\u0103 cererii interne, la r\u00e2ndul s\u0103u impulsionat\u0103 de politici fiscal-bugetare expansioniste. Comparativ cu anul 2015 c\u00e2nd s-a \u00eenregistrat o valoare de 3,9%, cre\u015fterea PIB-ului real al Rom\u00e2niei \u00een 2016 a fost de 4,9%. Cre\u015fterea economic\u0103 este preconizat\u0103 la nivelul de 4,4% \u00een 2017 \u015fi 3,7% \u00een 2018.<\/p>\n<p style=\"text-align: justify;\">Investi\u0163iile au revenit la ratele de cre\u015ftere din perioada anterioar\u0103 crizei. Cre\u015fterea investi\u0163iilor a atins un nivel record de 8,3% \u00een anul 2015. Valoarea total\u0103 a investi\u0163iilor (m\u0103surat\u0103 ca formare brut\u0103 de capital fix), \u00een anul 2016, a crescut cu 5,5% datorit\u0103 ratelor sc\u0103zute ale dob\u00e2nzii \u015fi nivelul stabil al \u00eencrederii investitorilor. \u00cen schimb, \u00een anul 2016, investi\u0163iile publice au sc\u0103zut, o cauz\u0103 fiind ritmul lent de angajare a noilor proiecte de finan\u0163are prin fonduri ale UE pentru perioada 2014-2020.<\/p>\n<p style=\"text-align: justify;\">Rom\u00e2nia are una dintre cele mai ridicate rate ale investi\u0163iilor \u00een UE. \u00cen anul 2015 investi\u0163iile totale au reprezentat 24,8% din PIB, peste media UE (de 19,7%).<\/p>\n<p style=\"text-align: justify;\">Infla\u0163ia a sc\u0103zut, ating\u00e2nd \u20133.0% \u00een luna mai 2016. Banca Na\u0163ional\u0103 a Rom\u00e2niei estimeaz\u0103 c\u0103 rata infla\u0163iei va dep\u0103\u015fi 2% la sf\u00e2r\u015fitul anului 2017, urc\u00e2nd c\u0103tre 3,4% la sf\u00e2r\u015fitul anului 2018.<\/p>\n<p style=\"text-align: justify;\">\u015eomajul a sc\u0103zut de la 6,8% \u00een 2015 la 6,0% \u00een 2016 \u015fi se apropie de nivelurile minime de dinainte de criz\u0103. Au disp\u0103rut locuri de munc\u0103 \u00een agricultur\u0103 \u015fi industrie, dar au fost create locuri de munc\u0103 \u00een sectorul serviciilor, ceea ce reflect\u0103 schimb\u0103rile din structura economiei.<\/p>\n<p style=\"text-align: justify;\">Deficitul bugetar va cre\u015fte \u00een 2017 la aproximativ 3,6% din PIB, iar \u00een 2018 la 3,9% din PIB, rezultate din relaxarea fiscal\u0103 continu\u0103 \u015fi de reducerile de taxe anun\u0163ate. Concomitent, nivelul datoriei publice a Rom\u00e2niei va \u00eenregistra cre\u015fteri de la 38% din PIB \u00een 2015 la 40,5% \u00een 2017 \u015fi 42,3% \u00een 2018.<\/p>\n<p style=\"text-align: justify;\">Consumul este a\u015fteptat s\u0103 continue s\u0103 fie principalul generator de cre\u015ftere economic\u0103, \u00een perioada urm\u0103toare, fiind urmat de investi\u0163ii. Datorit\u0103 cererii interne ridicate, este a\u015fteptat\u0103 o cre\u015ftere suplimentar\u0103 a importurilor, ceea ce va conduce la cre\u015fterea deficitului comercial de la \u20136,2% \u00een 2016 la \u20137,3% \u00een 2017 \u015fi \u20137,7% \u00een 2018. \u00cen acela\u015fi timp, exporturile sunt a\u015fteptate s\u0103 creasc\u0103, \u00eens\u0103 la rate mai mici dec\u00e2t importurile, principalul factor fiind cre\u015fterea economiei spa\u0163iului european, principala destina\u0163ie a exporturilor rom\u00e2ne\u015fti.<\/p>\n<p style=\"text-align: justify;\">(Sursa: Camera de Comer\u0163 \u015fi Industrie a Rom\u00e2niei (<a href=\"http:\/\/ccir.ro\/\">http:\/\/ccir.ro<\/a>), Studiul asupra st\u0103rii mediului economic: <a href=\"http:\/\/ccir.ro\/wp-content\/uploads\/2014\/11\/starea-mediului-economic-2016.pdf\">http:\/\/ccir.ro\/wp-content\/uploads\/2014\/11\/starea-mediului-economic-2016.pdf<\/a>)<\/p>\n<p style=\"text-align: justify;\"><span style=\"text-decoration: underline;\"><strong>Cooperarea economic\u0103 rom\u00e2no \u2013 leton\u0103<\/strong><\/span><\/p>\n<p style=\"text-align: justify;\">\u00cen anul 2016 bilan\u0163ul total a schimbului comercial de m\u0103rfuri a ajuns la 32,41 milioane EUR, cu 26% mai pu\u0163in dec\u00e2t \u00een anul 2015.<\/p>\n<p style=\"text-align: justify;\">Exportul Letoniei c\u0103tre Rom\u00e2nia \u00een 2016 a fost de 16,2 milioane EUR, ceea ce este cu 39,3% sau 10,59 milioane EUR mai pu\u0163in dec\u00e2t a fost \u00een 2015.<\/p>\n<p style=\"text-align: justify;\">Importul din Rom\u00e2nia c\u0103tre Letonia a ajuns la 16,11 milioane EUR \u00een 2016, ceea ce este cu 5% sau 0,8 mii EUR mai pu\u0163in dec\u00e2t \u00een 2015.<\/p>\n<p style=\"text-align: justify;\">Principale produse letone exportate \u00een Rom\u00e2nia: lemn \u015fi produsele acestuia (16,22%); industria chimic\u0103 \u015fi ramurile acesteia (15,96%); ma\u015fini \u015fi mechanisme; instala\u0163ii electrice (13,99%).<\/p>\n<p style=\"text-align: justify;\">Principalele produse importate din Rom\u00e2nia \u00een Letonia: produsele industriei alimentelor (41,90%); ma\u015fini \u015fi mechanisme; instala\u0163ii electrice (29,53%); produsele industriei chimice \u015fi ale ramurilor acesteia (9,84%).<\/p>\n<p style=\"text-align: justify;\">(Sursa: Ministerul Afacerilor Externe a Republicii Letonia: <a href=\"http:\/\/www.mfa.gov.lv\/arpolitika\/divpusejas-attiecibas\/latvijas-un-rumanijas-attiecibas\">http:\/\/www.mfa.gov.lv\/arpolitika\/divpusejas-attiecibas\/latvijas-un-rumanijas-attiecibas<\/a>)<\/p>\n<p style=\"text-align: justify;\">Camera de Comer\u0163 Bilateral\u0103 Rom\u00e2no \u2013 Leton\u0103: <a href=\"http:\/\/en.ccrl.ro\/\">http:\/\/en.ccrl.ro\/<\/a><\/p>\n<figure id=\"attachment_47\" aria-describedby=\"caption-attachment-47\" style=\"width: 300px\" class=\"wp-caption alignnone\"><a href=\"http:\/\/romaniahonconsulate.lv\/wp-content\/uploads\/2015\/11\/Brasov-Black-Church.jpg\"><img loading=\"lazy\" class=\"wp-image-47 size-medium\" src=\"http:\/\/romaniahonconsulate.lv\/wp-content\/uploads\/2015\/11\/Brasov-Black-Church-300x200.jpg\" alt=\"Brasov-Black-Church\" width=\"300\" height=\"200\" srcset=\"https:\/\/romaniahonconsulate.lv\/wp-content\/uploads\/2015\/11\/Brasov-Black-Church-300x200.jpg 300w, https:\/\/romaniahonconsulate.lv\/wp-content\/uploads\/2015\/11\/Brasov-Black-Church-700x466.jpg 700w, https:\/\/romaniahonconsulate.lv\/wp-content\/uploads\/2015\/11\/Brasov-Black-Church.jpg 779w\" sizes=\"(max-width: 300px) 100vw, 300px\" \/><\/a><figcaption id=\"caption-attachment-47\" class=\"wp-caption-text\">Biserica Neagr\u0103, Bra\u015fov<\/figcaption><\/figure>\n<p><\/p>","protected":false},"excerpt":{"rendered":"<p>Economia Rom\u00e2niei este caracterizat\u0103 de stabilitatea pre\u0163urilor, stabilitatea financiar\u0103 \u015fi stabilitatea cursului de schimb valutar raportat la moneda european\u0103. Pozi\u0163ia investi\u0163ional\u0103 interna\u0163ional\u0103 s-a \u00eembun\u0103t\u0103\u0163it, sc\u0103z\u00e2nd la un deficit sub 50% din Produsul Intern Brut \u00een martie 2016 (comparativ, nivelul din martie 2015 era de aproximativ \u201355% din PIB). Economia rom\u00e2n\u0103 &#8230;<\/p>\n","protected":false},"author":4,"featured_media":0,"parent":0,"menu_order":0,"comment_status":"closed","ping_status":"closed","template":"","meta":{"ngg_post_thumbnail":0},"_links":{"self":[{"href":"https:\/\/romaniahonconsulate.lv\/ro\/wp-json\/wp\/v2\/pages\/19"}],"collection":[{"href":"https:\/\/romaniahonconsulate.lv\/ro\/wp-json\/wp\/v2\/pages"}],"about":[{"href":"https:\/\/romaniahonconsulate.lv\/ro\/wp-json\/wp\/v2\/types\/page"}],"author":[{"embeddable":true,"href":"https:\/\/romaniahonconsulate.lv\/ro\/wp-json\/wp\/v2\/users\/4"}],"replies":[{"embeddable":true,"href":"https:\/\/romaniahonconsulate.lv\/ro\/wp-json\/wp\/v2\/comments?post=19"}],"version-history":[{"count":17,"href":"https:\/\/romaniahonconsulate.lv\/ro\/wp-json\/wp\/v2\/pages\/19\/revisions"}],"predecessor-version":[{"id":1806,"href":"https:\/\/romaniahonconsulate.lv\/ro\/wp-json\/wp\/v2\/pages\/19\/revisions\/1806"}],"wp:attachment":[{"href":"https:\/\/romaniahonconsulate.lv\/ro\/wp-json\/wp\/v2\/media?parent=19"}],"curies":[{"name":"wp","href":"https:\/\/api.w.org\/{rel}","templated":true}]}}