{"id":17,"date":"2015-11-10T14:35:06","date_gmt":"2015-11-10T14:35:06","guid":{"rendered":"http:\/\/romania.ggb.lv\/?page_id=17"},"modified":"2017-06-26T15:01:10","modified_gmt":"2017-06-26T15:01:10","slug":"romania","status":"publish","type":"page","link":"https:\/\/romaniahonconsulate.lv\/ro\/romania\/","title":{"rendered":"Rom\u00e2nia"},"content":{"rendered":"<p><figure id=\"attachment_460\" aria-describedby=\"caption-attachment-460\" style=\"width: 226px\" class=\"wp-caption alignnone\"><a href=\"http:\/\/romaniahonconsulate.lv\/wp-content\/uploads\/2015\/11\/45840217_romania2261.gif\"><img loading=\"lazy\" class=\"wp-image-460 size-full\" src=\"http:\/\/romaniahonconsulate.lv\/wp-content\/uploads\/2015\/11\/45840217_romania2261.gif\" alt=\"_45840217_romania226\" width=\"226\" height=\"170\" \/><\/a><figcaption id=\"caption-attachment-460\" class=\"wp-caption-text\">Sursa: BBC<\/figcaption><\/figure><\/p>\n<p>&nbsp;<\/p>\n<p style=\"text-align: justify;\"><strong>Loca\u0163ie:<\/strong> Europa de Sud-Est, pe malul M\u0103rii Negre, are hotar cu Republica Moldova, Ucraina, Ungaria, Serbia \u015fi Bulgaria<\/p>\n<p style=\"text-align: justify;\"><strong>M\u0103rimea<\/strong>: 238,391 km2<\/p>\n<p style=\"text-align: justify;\"><strong>Popula\u0163ia:<\/strong> 19, 942,000 (Martie, 2014)<\/p>\n<p style=\"text-align: justify;\"><strong>Limba oficial\u0103:<\/strong> rom\u00e2na<\/p>\n<p style=\"text-align: justify;\"><strong>Capitala:<\/strong> Bucure\u015fti<\/p>\n<p style=\"text-align: justify;\"><strong>Tip de guvernare:<\/strong> republica<\/p>\n<p style=\"text-align: justify;\">Numele \u201eRom\u00e2nia\u201d provine de la cuv\u00e2ntul latin \u201eRomanus\u201d, ceea ce \u00eenseamn\u0103 \u201ecet\u0103\u0163eanul Imperiului Roman\u201d. Poporul rom\u00e2n pe parcursul istoriei a fost sub numeroase imperii, precum cel Roman, Otoman \u015fi Austro-Ungar.<\/p>\n<p style=\"text-align: justify;\"><strong>Independen\u0163a:<\/strong> pe 9 mai 1877 proclamat\u0103 de la Imperiul Otoman \u015fi recunoscut\u0103 pe 13 iulie 1878 prin Tratatul de la Berlin.<\/p>\n<p style=\"text-align: justify;\"><strong>Ziua na\u0163ional\u0103:<\/strong> 1 Decembrie (1918) \u2013 Ziua Marii Uniri (unirea Rom\u00e2niei cu Transilvania)<\/p>\n<p style=\"text-align: justify;\">Dup\u0103 al Doilea R\u0103zboi Mondial Rom\u00e2nia a fost sub regimul comunist, de\u015fi conducerea a urmat s\u0103 p\u0103streze independen\u0163a politicii externe fa\u0163a de Uniunea Sovietic\u0103. Teritoriul Rom\u00e2niei de mai multe ori a fost subiectul unor chimb\u0103ri. Probabil cel mai nefast fiind cel al teritoriului c\u00e2ndva cunoscut sub numele Basarabia, care \u00een urma Pactului Molotov \u2013 Ribbentrop a fost unit cu URSS. \u00cen zilele noastre regiunea \u00een mare constituie teritoriul Republicii Moldova.<\/p>\n<p style=\"text-align: justify;\">Rom\u00e2nia a devenit membru NATO pe 29 martie 2004<\/p>\n<p style=\"text-align: justify;\">Rom\u00e2nia s-a al\u0103turat Uniunii Europene pe data de 1 ianuarie 2007<\/p>\n<p style=\"text-align: justify;\"><strong>Clima:<\/strong> iernile \u2013 r\u0103ci, cu z\u0103pad\u0103 \u015fi cea\u0163\u0103, verile \u2013 \u00eensorite \u015fi calde (&gt;30 de grade celsius)<\/p>\n<p style=\"text-align: justify;\"><strong>Domeniul internet:<\/strong> .ro<\/p>\n<p style=\"text-align: justify;\"><strong>Prefix interna\u0163ional telefonic:<\/strong> +40<\/p>\n<p><div style=\"width: 400px;\" class=\"wp-video\"><video class=\"wp-video-shortcode\" id=\"video-17-2\" width=\"400\" height=\"224\" preload=\"metadata\" controls=\"controls\"><source type=\"video\/mp4\" src=\"http:\/\/romaniahonconsulate.lv\/wp-content\/uploads\/2015\/11\/12875420_225683557786602_1994856390_n.mp4?_=2\" \/><a href=\"http:\/\/romaniahonconsulate.lv\/wp-content\/uploads\/2015\/11\/12875420_225683557786602_1994856390_n.mp4\">http:\/\/romaniahonconsulate.lv\/wp-content\/uploads\/2015\/11\/12875420_225683557786602_1994856390_n.mp4<\/a><\/video><\/div><\/p>","protected":false},"excerpt":{"rendered":"<p>&nbsp; Loca\u0163ie: Europa de Sud-Est, pe malul M\u0103rii Negre, are hotar cu Republica Moldova, Ucraina, Ungaria, Serbia \u015fi Bulgaria M\u0103rimea: 238,391 km2 Popula\u0163ia: 19, 942,000 (Martie, 2014) Limba oficial\u0103: rom\u00e2na Capitala: Bucure\u015fti Tip de guvernare: republica Numele \u201eRom\u00e2nia\u201d provine de la cuv\u00e2ntul latin \u201eRomanus\u201d, ceea ce \u00eenseamn\u0103 \u201ecet\u0103\u0163eanul Imperiului Roman\u201d. &#8230;<\/p>\n","protected":false},"author":4,"featured_media":0,"parent":0,"menu_order":0,"comment_status":"closed","ping_status":"closed","template":"","meta":{"ngg_post_thumbnail":0},"_links":{"self":[{"href":"https:\/\/romaniahonconsulate.lv\/ro\/wp-json\/wp\/v2\/pages\/17"}],"collection":[{"href":"https:\/\/romaniahonconsulate.lv\/ro\/wp-json\/wp\/v2\/pages"}],"about":[{"href":"https:\/\/romaniahonconsulate.lv\/ro\/wp-json\/wp\/v2\/types\/page"}],"author":[{"embeddable":true,"href":"https:\/\/romaniahonconsulate.lv\/ro\/wp-json\/wp\/v2\/users\/4"}],"replies":[{"embeddable":true,"href":"https:\/\/romaniahonconsulate.lv\/ro\/wp-json\/wp\/v2\/comments?post=17"}],"version-history":[{"count":14,"href":"https:\/\/romaniahonconsulate.lv\/ro\/wp-json\/wp\/v2\/pages\/17\/revisions"}],"predecessor-version":[{"id":469,"href":"https:\/\/romaniahonconsulate.lv\/ro\/wp-json\/wp\/v2\/pages\/17\/revisions\/469"}],"wp:attachment":[{"href":"https:\/\/romaniahonconsulate.lv\/ro\/wp-json\/wp\/v2\/media?parent=17"}],"curies":[{"name":"wp","href":"https:\/\/api.w.org\/{rel}","templated":true}]}}