{"id":15,"date":"2015-11-10T14:34:32","date_gmt":"2015-11-10T14:34:32","guid":{"rendered":"http:\/\/romania.ggb.lv\/?page_id=15"},"modified":"2022-10-20T15:08:57","modified_gmt":"2022-10-20T15:08:57","slug":"about","status":"publish","type":"page","link":"https:\/\/romaniahonconsulate.lv\/ro\/about\/","title":{"rendered":"Consul Onorific"},"content":{"rendered":"<p><\/p>\n<h5>\u00a0<a href=\"http:\/\/romaniahonconsulate.lv\/wp-content\/uploads\/2015\/11\/DSC_1535.jpg\"><img loading=\"lazy\" class=\"alignnone size-medium wp-image-243\" src=\"http:\/\/romaniahonconsulate.lv\/wp-content\/uploads\/2015\/11\/DSC_1535-200x300.jpg\" alt=\"DSC_1535\" width=\"200\" height=\"300\" srcset=\"https:\/\/romaniahonconsulate.lv\/wp-content\/uploads\/2015\/11\/DSC_1535-200x300.jpg 200w, https:\/\/romaniahonconsulate.lv\/wp-content\/uploads\/2015\/11\/DSC_1535-682x1024.jpg 682w, https:\/\/romaniahonconsulate.lv\/wp-content\/uploads\/2015\/11\/DSC_1535-700x1051.jpg 700w, https:\/\/romaniahonconsulate.lv\/wp-content\/uploads\/2015\/11\/DSC_1535.jpg 1713w\" sizes=\"(max-width: 200px) 100vw, 200px\" \/><\/a><\/h5>\n<h5><strong>Ileana Adriana Rutman <\/strong><\/h5>\n<p style=\"text-align: justify;\">Ileana A. Rutman a devenit Consul Onorific al Rom\u00e2niei \u00een Letonia \u00een anul 2012.<\/p>\n<p style=\"text-align: justify;\">Doamna Rutman s-a implicat activ \u00een promovarea rela\u0163iilor bilaterale dintre Rom\u00e2nia \u015fi Letonia \u00eenc\u0103 de la deschiderea Consulatului Onorific \u00een anul 2002, c\u00eend a fost desemnat\u0103 Vice Consul Onorific.<\/p>\n<p>Pe data de 8 septembrie 2014 printr-un decret preziden\u0163ial doamnei Rutman i s-a acordat Ordinul Na\u0163ional Rom\u00e2n \u201ePentru merit\u201d \u2013 rang de ofi\u0163er, ca semn de recuno\u015ftin\u0163\u0103 \u015fi apreciere pentru contribu\u0163ia personal\u0103 investit\u0103 \u00een consolidarea \u015fi dezvoltarea rela\u0163iilor bilaterale dintre Rom\u00e2nia \u015fi Letonia.<\/p>\n<p style=\"text-align: justify;\">Pe l\u00e2ng\u0103 activit\u0103\u0163ile legate de reprezentarea Rom\u00e2niei \u00een Letonia, doamna Rutman este cofondator al \u201eDAN Communications\u201d, o companie IT care \u00ee\u015fi desf\u0103\u015foar\u0103 activitatea \u015fi are reprezentan\u0163e \u00een cele trei State Baltice. Doamna Rutman a fost \u015fi cofondator \u015fi proprietara companiei \u201eUnistars\u201d, un operator \u00een domeniul telecomunica\u0163iilor.<\/p>\n<p style=\"text-align: justify;\">Doamna Rutman s-a n\u0103scut la Bucure\u015fti \u00een Rom\u00e2nia. Mai t\u00e2rziu s-a mutat \u00een Israel, unde a ob\u0163inut o vast\u0103 experien\u0163\u0103 profesional\u0103 la \u201eBezeq\u201d, o companie lider la acea vreme \u00een domeniul telecomunica\u0163iilor \u00een Israel. C\u00e2nd so\u0163ul s\u0103u Aleksandrs Rutmanis a decis s\u0103 se \u00eentoarc\u0103 \u00een Letonia \u00een 1997, ea l-a urmat.<\/p>\n<p style=\"text-align: justify;\">Doamna Rutman a ob\u0163inut diploma de analist \u00een cibernetic\u0103 a Facult\u0103\u0163ii de Cibernetic\u0103 la Academia de Studii Economice din Bucure\u015fti. A continuat dezvoltarea sa profesional\u0103 urm\u00e2nd multiple cursuri, precum la IBM Israel, SNA \u015fi IP, cursuri de Marketing la RISEBA, Programul pe Drept UE \u015fi Management Strategic la Stockholm School of Economics la Riga.<\/p>\n<p style=\"text-align: justify;\">Ileana A. Rutman permanent sus\u0163ine diferite evenimente de caritate \u00een beneficiul copiilor din Letonia, precum \u015fi sponsorizeaz\u0103 diverse evenimente de art\u0103 (festivaluri de muzic\u0103, precum \u201eInese Galante \u015fi prietenii\u201d, \u201eArtissimo\u201d, etc.). Din anul 2004 p\u00een\u0103 anul 2006 ea a f\u0103cut parte din consiliul de conducere al \u015ecolii Interna\u0163ionale din Letonia.<\/p>\n<p style=\"text-align: justify;\">Doamna Rutman vorbe\u015fte fluent rom\u00e2na, engleza, germana, ebraica \u015fi letona. Cunoa\u015fte bine rusa \u015fi franceza.<\/p>\n<p><\/p>","protected":false},"excerpt":{"rendered":"<p>\u00a0 Ileana Adriana Rutman Ileana A. Rutman a devenit Consul Onorific al Rom\u00e2niei \u00een Letonia \u00een anul 2012. Doamna Rutman s-a implicat activ \u00een promovarea rela\u0163iilor bilaterale dintre Rom\u00e2nia \u015fi Letonia \u00eenc\u0103 de la deschiderea Consulatului Onorific \u00een anul 2002, c\u00eend a fost desemnat\u0103 Vice Consul Onorific. Pe data de &#8230;<\/p>\n","protected":false},"author":4,"featured_media":0,"parent":0,"menu_order":0,"comment_status":"closed","ping_status":"closed","template":"","meta":{"ngg_post_thumbnail":0},"_links":{"self":[{"href":"https:\/\/romaniahonconsulate.lv\/ro\/wp-json\/wp\/v2\/pages\/15"}],"collection":[{"href":"https:\/\/romaniahonconsulate.lv\/ro\/wp-json\/wp\/v2\/pages"}],"about":[{"href":"https:\/\/romaniahonconsulate.lv\/ro\/wp-json\/wp\/v2\/types\/page"}],"author":[{"embeddable":true,"href":"https:\/\/romaniahonconsulate.lv\/ro\/wp-json\/wp\/v2\/users\/4"}],"replies":[{"embeddable":true,"href":"https:\/\/romaniahonconsulate.lv\/ro\/wp-json\/wp\/v2\/comments?post=15"}],"version-history":[{"count":31,"href":"https:\/\/romaniahonconsulate.lv\/ro\/wp-json\/wp\/v2\/pages\/15\/revisions"}],"predecessor-version":[{"id":1951,"href":"https:\/\/romaniahonconsulate.lv\/ro\/wp-json\/wp\/v2\/pages\/15\/revisions\/1951"}],"wp:attachment":[{"href":"https:\/\/romaniahonconsulate.lv\/ro\/wp-json\/wp\/v2\/media?parent=15"}],"curies":[{"name":"wp","href":"https:\/\/api.w.org\/{rel}","templated":true}]}}