{"id":9,"date":"2015-11-10T14:31:18","date_gmt":"2015-11-10T14:31:18","guid":{"rendered":"http:\/\/romania.ggb.lv\/?page_id=9"},"modified":"2024-11-05T15:15:55","modified_gmt":"2024-11-05T15:15:55","slug":"home","status":"publish","type":"page","link":"https:\/\/romaniahonconsulate.lv\/lv\/","title":{"rendered":"Sveicin\u0101ti"},"content":{"rendered":"<p><\/p>\n<p><a href=\"https:\/\/romaniahonconsulate.lv\/wp-content\/uploads\/2024\/11\/WhatsApp-Image-2024-11-05-at-14.19.38_bdd9f672_cr_sm.jpg\"><img loading=\"lazy\" class=\"alignnone size-medium wp-image-2188\" src=\"https:\/\/romaniahonconsulate.lv\/wp-content\/uploads\/2024\/11\/WhatsApp-Image-2024-11-05-at-14.19.38_bdd9f672_cr_sm-300x200.jpg\" alt=\"\" width=\"300\" height=\"200\" srcset=\"https:\/\/romaniahonconsulate.lv\/wp-content\/uploads\/2024\/11\/WhatsApp-Image-2024-11-05-at-14.19.38_bdd9f672_cr_sm-300x200.jpg 300w, https:\/\/romaniahonconsulate.lv\/wp-content\/uploads\/2024\/11\/WhatsApp-Image-2024-11-05-at-14.19.38_bdd9f672_cr_sm-768x511.jpg 768w, https:\/\/romaniahonconsulate.lv\/wp-content\/uploads\/2024\/11\/WhatsApp-Image-2024-11-05-at-14.19.38_bdd9f672_cr_sm-700x466.jpg 700w, https:\/\/romaniahonconsulate.lv\/wp-content\/uploads\/2024\/11\/WhatsApp-Image-2024-11-05-at-14.19.38_bdd9f672_cr_sm.jpg 946w\" sizes=\"(max-width: 300px) 100vw, 300px\" \/><\/a><\/p>\n<p>05.11.2024. Rum\u0101nijas v\u0113stnieks Latvijas Republik\u0101, Sergiu Nistors, \u0161odien Latvijas Valsts prezidentam Edgaram Rink\u0113vi\u010dam iesniedza akredit\u0101cijas v\u0113stules, ap\u0146emoties padzi\u013cin\u0101t un veicin\u0101t abu valstu cie\u0161o sadarb\u012bbu un partner\u012bbu.<\/p>\n<hr>\n<p style=\"text-align: justify;\">Sveicin\u0101ti Rum\u0101nijas Goda konsul\u0101ta R\u012bg\u0101 interneta m\u0101jas lap\u0101. Konsul\u0101ta misija ir stiprin\u0101t politikas, ekonomikas un kult\u016bras saiknes starp Rum\u0101niju un Latviju, sniegt pal\u012bdz\u012bbu rum\u0101\u0146u pilso\u0146iem Latvij\u0101, k\u0101 ar\u012b inform\u0113t tos Latvijas iedz\u012bvot\u0101jus, kas v\u0113las iepaz\u012bt, apmekl\u0113t vai veidot biznesu Rum\u0101nij\u0101.<\/p>\n<p style=\"text-align: justify;\">Goda konsul\u0101ts ir cie\u0161i saist\u012bts ar Rum\u0101nijas v\u0113stniec\u012bbu, kas ir akredit\u0113ta Latvij\u0101.<\/p>\n<p style=\"text-align: justify;\">Konsul\u0101ts cie\u0161i sadarbojas ar\u012b ar Rum\u0101nijas un Latvijas divpus\u0113jo komercpal\u0101tu, t\u0101d\u0101 veid\u0101 paverot durvis jaun\u0101m biznesa iesp\u0113j\u0101m un ekonomikas izaugsmei ab\u0101s valst\u012bs.<\/p>\n<p style=\"text-align: justify;\">Katrs Rum\u0101nijas vai Latvijas pilsonis ir laipni gaid\u012bts Goda konsul\u0101t\u0101 ar sav\u0101m idej\u0101m, k\u0101 padzi\u013cin\u0101t saikni starp m\u016bsu taut\u0101m ar t\u016brisma vai kult\u016bras un biznesa sakaru pal\u012bdz\u012bbu.<\/p>\n<p style=\"text-align: justify;\">Ileana Adriana Rutman, Goda konsule<\/p>\n<figure id=\"attachment_38\" aria-describedby=\"caption-attachment-38\" style=\"width: 300px\" class=\"wp-caption alignnone\"><a href=\"http:\/\/romaniahonconsulate.lv\/wp-content\/uploads\/2015\/11\/With-The-President.jpg\"><img loading=\"lazy\" class=\"wp-image-38 size-medium\" src=\"http:\/\/romaniahonconsulate.lv\/wp-content\/uploads\/2015\/11\/With-The-President-300x200.jpg\" alt=\"Ileana A. Rutman kop\u0101 ar Rum\u0101nijas prezidentu Klausu Johannisu R\u012bg\u0101\" width=\"300\" height=\"200\" srcset=\"https:\/\/romaniahonconsulate.lv\/wp-content\/uploads\/2015\/11\/With-The-President-300x200.jpg 300w, https:\/\/romaniahonconsulate.lv\/wp-content\/uploads\/2015\/11\/With-The-President.jpg 1024w, https:\/\/romaniahonconsulate.lv\/wp-content\/uploads\/2015\/11\/With-The-President-700x466.jpg 700w\" sizes=\"(max-width: 300px) 100vw, 300px\" \/><\/a><figcaption id=\"caption-attachment-38\" class=\"wp-caption-text\">Ileana A. Rutman kundze kop\u0101 ar Rum\u0101nijas prezidentu V.E. Klausu Johannisa kungu R\u012bg\u0101<\/figcaption><\/figure>\n<p><\/p>","protected":false},"excerpt":{"rendered":"<p>05.11.2024. Rum\u0101nijas v\u0113stnieks Latvijas Republik\u0101, Sergiu Nistors, \u0161odien Latvijas Valsts prezidentam Edgaram Rink\u0113vi\u010dam iesniedza akredit\u0101cijas v\u0113stules, ap\u0146emoties padzi\u013cin\u0101t un veicin\u0101t abu valstu cie\u0161o sadarb\u012bbu un partner\u012bbu. Sveicin\u0101ti Rum\u0101nijas Goda konsul\u0101ta R\u012bg\u0101 interneta m\u0101jas lap\u0101. Konsul\u0101ta misija ir stiprin\u0101t politikas, ekonomikas un kult\u016bras saiknes starp Rum\u0101niju un Latviju, sniegt pal\u012bdz\u012bbu rum\u0101\u0146u &#8230;<\/p>\n","protected":false},"author":6,"featured_media":0,"parent":0,"menu_order":0,"comment_status":"closed","ping_status":"closed","template":"","meta":{"ngg_post_thumbnail":0},"_links":{"self":[{"href":"https:\/\/romaniahonconsulate.lv\/lv\/wp-json\/wp\/v2\/pages\/9"}],"collection":[{"href":"https:\/\/romaniahonconsulate.lv\/lv\/wp-json\/wp\/v2\/pages"}],"about":[{"href":"https:\/\/romaniahonconsulate.lv\/lv\/wp-json\/wp\/v2\/types\/page"}],"author":[{"embeddable":true,"href":"https:\/\/romaniahonconsulate.lv\/lv\/wp-json\/wp\/v2\/users\/6"}],"replies":[{"embeddable":true,"href":"https:\/\/romaniahonconsulate.lv\/lv\/wp-json\/wp\/v2\/comments?post=9"}],"version-history":[{"count":110,"href":"https:\/\/romaniahonconsulate.lv\/lv\/wp-json\/wp\/v2\/pages\/9\/revisions"}],"predecessor-version":[{"id":2195,"href":"https:\/\/romaniahonconsulate.lv\/lv\/wp-json\/wp\/v2\/pages\/9\/revisions\/2195"}],"wp:attachment":[{"href":"https:\/\/romaniahonconsulate.lv\/lv\/wp-json\/wp\/v2\/media?parent=9"}],"curies":[{"name":"wp","href":"https:\/\/api.w.org\/{rel}","templated":true}]}}