{"id":19,"date":"2015-11-10T14:35:55","date_gmt":"2015-11-10T14:35:55","guid":{"rendered":"http:\/\/romania.ggb.lv\/?page_id=19"},"modified":"2021-03-08T12:06:16","modified_gmt":"2021-03-08T12:06:16","slug":"business","status":"publish","type":"page","link":"https:\/\/romaniahonconsulate.lv\/lv\/business\/","title":{"rendered":"Ekonomika"},"content":{"rendered":"<p><\/p>\n<p style=\"text-align: justify;\">Rum\u0101nijas ekonomiku raksturo cenu stabilit\u0101te, finansi\u0101l\u0101 stabilit\u0101te un val\u016btas mai\u0146as kursa stabilit\u0101te pret eiro.<\/p>\n<p style=\"text-align: justify;\">Starptautisk\u0101 invest\u012bciju poz\u012bcija ir uzlabojusies, defic\u012btam nosl\u012bdot zem 50% no iek\u0161zemes kopprodukta 2016.gada mart\u0101 (sal\u012bdzino\u0161i, 2015.gada mart\u0101 l\u012bmenis bija apm. \u201355% no IKP).<\/p>\n<p style=\"text-align: justify;\">Rum\u0101nijas ekonomika 2016.gad\u0101 piedz\u012bvoja izaugsmi, ko veicin\u0101ja iek\u0161\u0113jais piepras\u012bjums, ko stimul\u0113ja finan\u0161u politika. Sal\u012bdzinot ar 2015.gadu, kad IKP izaugsme bija 3,9%, 2016.gad\u0101 Rum\u0101nijas IKP izaugsme bija 4,9%. Savuk\u0101rt, 2017.gad\u0101 IKP izaugsme tiek paredz\u0113ta 4,4% l\u012bmen\u012b, bet 2018.gad\u0101 \u2013 3,7%.<\/p>\n<p style=\"text-align: justify;\">Invest\u012bciju pieaugums ir atgriezies pirms kr\u012bzes l\u012bmen\u012b. 2015.gad\u0101 invest\u012bciju pieaugums sasniedza rekorda l\u012bmeni \u2013 8,3%. 2016.gad\u0101 invest\u012bciju kop\u0113j\u0101 v\u0113rt\u012bba (m\u0113r\u012bta k\u0101 fiks\u0113t\u0101 kapit\u0101la bruto veido\u0161an\u0101s) pieauga par 5,5%, ko ietekm\u0113ja ien\u0101kumu zem\u0101 likme un investoru uztic\u012bbas stabilit\u0101te. Toties 2016.gad\u0101 tika piedz\u012bvots publisko invest\u012bciju kritums, k\u0101 viens no iemesliem tiek min\u0113ts l\u0113nais jauno ES fondu finans\u0113to projektu ievie\u0161anas ritms.<\/p>\n<p style=\"text-align: justify;\">Rum\u0101nijai ir viens no augst\u0101kajiem invest\u012bciju l\u012bme\u0146iem Eiropas Savien\u012bb\u0101. 2015.gad\u0101 invest\u012bcijas sast\u0101d\u012bja 24,8% no IKP, kas ir stipri augst\u0101ks nek\u0101 vid\u0113jais ES l\u012bmenis (19,7%).<\/p>\n<p style=\"text-align: justify;\">Infl\u0101cija ir kritusies, sasniedzot \u20133,0% 2016.gada maij\u0101. Rum\u0101nijas Nacion\u0101l\u0101 Banka prognoz\u0113, ka 2017.gada beig\u0101s infl\u0101cija p\u0101rsniegs 2%, k\u0101pjot l\u012bdz 3,4% l\u012bmenim 2018.gad\u0101.<\/p>\n<p style=\"text-align: justify;\">Bezdarba l\u012bmenis krit\u0101s no 6,8% 2015.gad\u0101 uz 6,0% 2016.gad\u0101, kas ir tuvu pirms kr\u012bzes l\u012bmenim. Ir pazudu\u0161as darba vietas lauksaimniec\u012bb\u0101 un ra\u017eo\u0161an\u0101, toties tika izveidotas jaunas darba vietas pakalpojumu sektor\u0101, kas nor\u0101da uz izmai\u0146\u0101m ekonomikas strukt\u016br\u0101.<\/p>\n<p style=\"text-align: justify;\">Bud\u017eeta defic\u012bts pieaugs l\u012bdz apm\u0113ram 3,6% no IKP 2017.gad\u0101, bet 2018.gad\u0101 tas sasniegs 3,9% no IKP, ko ietekm\u0113s atsl\u0101bums finan\u0161u sektor\u0101 un sol\u012btie nodok\u013cu samazin\u0101jumi. Vienlaic\u012bgi, Rum\u0101nijas valsts par\u0101ds pieaugs no 38% (no IKP) 2015.gad\u0101 l\u012bdz 40,5% 2017.gad\u0101 un 42,3% 2018.gad\u0101.<\/p>\n<p style=\"text-align: justify;\">Tiek prognoz\u0113ts, ka pat\u0113ri\u0146\u0161 turpin\u0101s b\u016bt par galveno ekonomisk\u0101s izaugsmes motoru. K\u0101 n\u0101kam\u0101s tiek min\u0113tas invest\u012bcijas. Augsta iek\u0161\u0113j\u0101 piepras\u012bjuma d\u0113\u013c pieaugs imports, kas noved\u012bs pie tirdzniec\u012bbas defic\u012bta pieauguma no \u20136,2% 2016.gad\u0101 l\u012bdz \u20137,3% 2017.gad\u0101 un \u20137,7% 2018.gad\u0101. Vienlaic\u012bgi tiek sagaid\u012bts eksporta pieaugums, tom\u0113r zem\u0101k\u0101s likm\u0113s nek\u0101 imports. Galvenais faktors Eiropas ekonomisk\u0101s zonas izaugsme, kas ir galvenais rum\u0101\u0146u eksporta galam\u0113r\u0137is.<\/p>\n<p style=\"text-align: justify;\">(Avots: Rum\u0101nijas Tirdzniec\u012bbas un Industrijas Pal\u0101ta (<a href=\"http:\/\/ccir.ro\/en\/\">http:\/\/ccir.ro\/en\/<\/a>), Ekonomikas st\u0101vok\u013ca p\u0113t\u012bjums: <a href=\"http:\/\/ccir.ro\/wp-content\/uploads\/2014\/11\/starea-mediului-economic-2016.pdf\">http:\/\/ccir.ro\/wp-content\/uploads\/2014\/11\/starea-mediului-economic-2016.pdf<\/a>, Ekonomika biznesa uztver\u0113: <a href=\"http:\/\/ccir.ro\/wp-content\/uploads\/2017\/05\/ENG_KTNS_Raport_Cercetare_CCIR-2017.pdf\">http:\/\/ccir.ro\/wp-content\/uploads\/2017\/05\/ENG_KTNS_Raport_Cercetare_CCIR-2017.pdf<\/a><\/p>\n<p style=\"text-align: justify;\"><span style=\"text-decoration: underline;\"><strong>Rum\u0101nijas un Latvijas ekonomisk\u0101 sadarb\u012bba<\/strong><\/span><\/p>\n<p style=\"text-align: justify;\">2016.gad\u0101 kop\u0113jais pre\u010du tirdzniec\u012bbas apgroz\u012bjums starp Rum\u0101niju un Latviju sasniedza 32,41 milj. EUR, kas ir par 26% maz\u0101k nek\u0101 2015.gad\u0101.<\/p>\n<p style=\"text-align: justify;\">Eksporta apjoms\u00a0uz Rum\u0101niju sasniedza\u00a016,2 milj. EUR, kas ir par 39,3% jeb 10,59\u00a0milj. EUR\u00a0maz\u0101k nek\u0101 2015. gad\u0101.<\/p>\n<p style=\"text-align: justify;\">Importa apjoms\u00a0no Rum\u0101nijas sasniedza\u00a016,11 milj. EUR, kas ir par 5% jeb 0,8 t\u016bkst. EUR maz\u0101k nek\u0101 2015. gad\u0101.<\/p>\n<p style=\"text-align: justify;\">Galven\u0101s Latvijas\u00a0eksporta preces\u00a0uz Rum\u0101niju: koksne un t\u0101s izstr\u0101d\u0101jumi (16,22%); \u0137\u012bmisk\u0101s r\u016bpniec\u012bbas un t\u0101s saskarnozares produkcija (15,96%); ma\u0161\u012bnas un meh\u0101nismi; elektrisk\u0101s iek\u0101rtas (13,99%).<\/p>\n<p style=\"text-align: justify;\">Galven\u0101s Latvijas\u00a0importa preces\u00a0no Rum\u0101nijas: p\u0101rtikas r\u016bpniec\u012bbas produkti (41,90%); ma\u0161\u012bnas un meh\u0101nismi; elektrisk\u0101s iek\u0101rtas (29,53%); \u0137\u012bmisk\u0101s r\u016bpniec\u012bbas un t\u0101s saskarnozares produkcija (9,84%).<\/p>\n<p style=\"text-align: justify;\">(Avots: Latvijas \u0100rlietu ministrija: <a href=\"http:\/\/www.mfa.gov.lv\/arpolitika\/divpusejas-attiecibas\/latvijas-un-rumanijas-attiecibas\">http:\/\/www.mfa.gov.lv\/arpolitika\/divpusejas-attiecibas\/latvijas-un-rumanijas-attiecibas<\/a>)<\/p>\n<p style=\"text-align: justify;\">Rum\u0101nijas un Latvijas Divpus\u0113j\u0101 komercpal\u0101ta: <a href=\"http:\/\/en.ccrl.ro\/\">http:\/\/en.ccrl.ro\/<\/a><\/p>\n<figure id=\"attachment_47\" aria-describedby=\"caption-attachment-47\" style=\"width: 300px\" class=\"wp-caption alignnone\"><a href=\"http:\/\/romaniahonconsulate.lv\/wp-content\/uploads\/2015\/11\/Brasov-Black-Church.jpg\"><img loading=\"lazy\" class=\"wp-image-47 size-medium\" src=\"http:\/\/romaniahonconsulate.lv\/wp-content\/uploads\/2015\/11\/Brasov-Black-Church-300x200.jpg\" alt=\"Brasov-Black-Church\" width=\"300\" height=\"200\" srcset=\"https:\/\/romaniahonconsulate.lv\/wp-content\/uploads\/2015\/11\/Brasov-Black-Church-300x200.jpg 300w, https:\/\/romaniahonconsulate.lv\/wp-content\/uploads\/2015\/11\/Brasov-Black-Church-700x466.jpg 700w, https:\/\/romaniahonconsulate.lv\/wp-content\/uploads\/2015\/11\/Brasov-Black-Church.jpg 779w\" sizes=\"(max-width: 300px) 100vw, 300px\" \/><\/a><figcaption id=\"caption-attachment-47\" class=\"wp-caption-text\">Meln\u0101 Bazn\u012bca, Bra\u0161ova<\/figcaption><\/figure>\n<p><\/p>","protected":false},"excerpt":{"rendered":"<p>Rum\u0101nijas ekonomiku raksturo cenu stabilit\u0101te, finansi\u0101l\u0101 stabilit\u0101te un val\u016btas mai\u0146as kursa stabilit\u0101te pret eiro. Starptautisk\u0101 invest\u012bciju poz\u012bcija ir uzlabojusies, defic\u012btam nosl\u012bdot zem 50% no iek\u0161zemes kopprodukta 2016.gada mart\u0101 (sal\u012bdzino\u0161i, 2015.gada mart\u0101 l\u012bmenis bija apm. \u201355% no IKP). Rum\u0101nijas ekonomika 2016.gad\u0101 piedz\u012bvoja izaugsmi, ko veicin\u0101ja iek\u0161\u0113jais piepras\u012bjums, ko stimul\u0113ja finan\u0161u politika. &#8230;<\/p>\n","protected":false},"author":4,"featured_media":0,"parent":0,"menu_order":0,"comment_status":"closed","ping_status":"closed","template":"","meta":{"ngg_post_thumbnail":0},"_links":{"self":[{"href":"https:\/\/romaniahonconsulate.lv\/lv\/wp-json\/wp\/v2\/pages\/19"}],"collection":[{"href":"https:\/\/romaniahonconsulate.lv\/lv\/wp-json\/wp\/v2\/pages"}],"about":[{"href":"https:\/\/romaniahonconsulate.lv\/lv\/wp-json\/wp\/v2\/types\/page"}],"author":[{"embeddable":true,"href":"https:\/\/romaniahonconsulate.lv\/lv\/wp-json\/wp\/v2\/users\/4"}],"replies":[{"embeddable":true,"href":"https:\/\/romaniahonconsulate.lv\/lv\/wp-json\/wp\/v2\/comments?post=19"}],"version-history":[{"count":4,"href":"https:\/\/romaniahonconsulate.lv\/lv\/wp-json\/wp\/v2\/pages\/19\/revisions"}],"predecessor-version":[{"id":1806,"href":"https:\/\/romaniahonconsulate.lv\/lv\/wp-json\/wp\/v2\/pages\/19\/revisions\/1806"}],"wp:attachment":[{"href":"https:\/\/romaniahonconsulate.lv\/lv\/wp-json\/wp\/v2\/media?parent=19"}],"curies":[{"name":"wp","href":"https:\/\/api.w.org\/{rel}","templated":true}]}}