{"id":17,"date":"2015-11-10T14:35:06","date_gmt":"2015-11-10T14:35:06","guid":{"rendered":"http:\/\/romania.ggb.lv\/?page_id=17"},"modified":"2017-06-26T15:01:10","modified_gmt":"2017-06-26T15:01:10","slug":"romania","status":"publish","type":"page","link":"https:\/\/romaniahonconsulate.lv\/lv\/romania\/","title":{"rendered":"Rum\u0101nija"},"content":{"rendered":"<p><figure id=\"attachment_460\" aria-describedby=\"caption-attachment-460\" style=\"width: 226px\" class=\"wp-caption alignnone\"><a href=\"http:\/\/romaniahonconsulate.lv\/wp-content\/uploads\/2015\/11\/45840217_romania2261.gif\"><img loading=\"lazy\" class=\"wp-image-460 size-full\" src=\"http:\/\/romaniahonconsulate.lv\/wp-content\/uploads\/2015\/11\/45840217_romania2261.gif\" alt=\"_45840217_romania226\" width=\"226\" height=\"170\" \/><\/a><figcaption id=\"caption-attachment-460\" class=\"wp-caption-text\">Avots: BBC<\/figcaption><\/figure><\/p>\n<p>&nbsp;<\/p>\n<p style=\"text-align: justify;\"><strong>Atra\u0161an\u0101s vieta:<\/strong> Dienvidaustrumeirop\u0101, Meln\u0101s j\u016bras krast\u0101, robe\u017eojas ar Moldovas Republiku, Ukrainu, Ung\u0101riju, Serbiju un Bulg\u0101riju<\/p>\n<p style=\"text-align: justify;\"><strong>Plat\u012bba:<\/strong> 238.391 km2<\/p>\n<p style=\"text-align: justify;\"><strong>Iedz\u012bvot\u0101ji:<\/strong> 19.942.000 (Marts, 2014)<\/p>\n<p style=\"text-align: justify;\"><strong>Ofici\u0101l\u0101 valoda:<\/strong> rum\u0101\u0146u<\/p>\n<p style=\"text-align: justify;\"><strong>Galvaspils\u0113ta:<\/strong> Bukareste<\/p>\n<p style=\"text-align: justify;\"><strong>Valsts iek\u0101rta:<\/strong> republika<\/p>\n<p style=\"text-align: justify;\">V\u0101rds \u201cRum\u0101nija\u201d n\u0101k no lat\u012b\u0146u v\u0101rda \u201cRomanus\u201d, kas noz\u012bm\u0113 \u201cRomas Imp\u0113rijas pilsonis\u201d. Rum\u0101nijas tauta v\u0113stures gait\u0101 ir atradusies zem t\u0101d\u0101m imp\u0113rij\u0101m k\u0101 Romas, Osm\u0101\u0146u un Austroung\u0101rijas.<\/p>\n<p style=\"text-align: justify;\"><strong>Neatkar\u012bba:<\/strong> 9.maij\u0101 1877.gad\u0101 no Osm\u0101\u0146u Imp\u0113rijas. Tika atz\u012bta 13.j\u016blij\u0101 1878.gad\u0101 ar Berl\u012bnes L\u012bgumu.<\/p>\n<p style=\"text-align: justify;\"><strong>Nacion\u0101l\u0101 diena:<\/strong> 1.decembris (1918) \u2013 apvieno\u0161an\u0101s diena (Rum\u0101nija un Transilv\u0101nija)<\/p>\n<p style=\"text-align: justify;\">P\u0113c Otr\u0101 Pasaules kara Rum\u0101nija nok\u013cuva zem komunistisk\u0101 re\u017e\u012bma, tom\u0113r t\u0101s vald\u012bba cent\u0101s saglab\u0101t \u0101rpolitikas neatkar\u012bbu no Padomju Savien\u012bbas. Rum\u0101nijas teritorija tika pak\u013cauta vair\u0101k\u0101m izmai\u0146\u0101m. Tas sk\u0101ra ar\u012b teritoriju, kas k\u0101dreiz bija paz\u012bstama k\u0101 Besar\u0101bija. Molotova \u2013 R\u012bbentropa pakta rezult\u0101t\u0101 t\u0101 tika iek\u013cauta Padomju Savien\u012bb\u0101 un m\u016bsdien\u0101s veido liel\u0101ko da\u013cu Moldovas Republikas.<\/p>\n<p style=\"text-align: justify;\">Rum\u0101nija k\u013cuva par NATO locekli 2004.gada 29.maij\u0101<\/p>\n<p style=\"text-align: justify;\">Iest\u0101j\u0101s Eiropas Savien\u012bb\u0101 2007.gada 1.janv\u0101r\u012b<\/p>\n<p style=\"text-align: justify;\"><strong>Klimats:<\/strong> ziemas \u2013 aukstas, ar sniegu un miglu, vasaras \u2013 saulainas un karstas (&gt;30 gr\u0101di p\u0113c Celsija)<\/p>\n<p style=\"text-align: justify;\"><strong>Interneta dom\u0113ns:<\/strong> .ro<\/p>\n<p style=\"text-align: justify;\"><strong>Starptautiskais t\u0101lsarunu kods:<\/strong> +40<\/p>\n<p><div style=\"width: 400px;\" class=\"wp-video\"><video class=\"wp-video-shortcode\" id=\"video-17-3\" width=\"400\" height=\"224\" preload=\"metadata\" controls=\"controls\"><source type=\"video\/mp4\" src=\"http:\/\/romaniahonconsulate.lv\/wp-content\/uploads\/2015\/11\/12875420_225683557786602_1994856390_n.mp4?_=3\" \/><a href=\"http:\/\/romaniahonconsulate.lv\/wp-content\/uploads\/2015\/11\/12875420_225683557786602_1994856390_n.mp4\">http:\/\/romaniahonconsulate.lv\/wp-content\/uploads\/2015\/11\/12875420_225683557786602_1994856390_n.mp4<\/a><\/video><\/div><\/p>","protected":false},"excerpt":{"rendered":"<p>&nbsp; Atra\u0161an\u0101s vieta: Dienvidaustrumeirop\u0101, Meln\u0101s j\u016bras krast\u0101, robe\u017eojas ar Moldovas Republiku, Ukrainu, Ung\u0101riju, Serbiju un Bulg\u0101riju Plat\u012bba: 238.391 km2 Iedz\u012bvot\u0101ji: 19.942.000 (Marts, 2014) Ofici\u0101l\u0101 valoda: rum\u0101\u0146u Galvaspils\u0113ta: Bukareste Valsts iek\u0101rta: republika V\u0101rds \u201cRum\u0101nija\u201d n\u0101k no lat\u012b\u0146u v\u0101rda \u201cRomanus\u201d, kas noz\u012bm\u0113 \u201cRomas Imp\u0113rijas pilsonis\u201d. Rum\u0101nijas tauta v\u0113stures gait\u0101 ir atradusies zem &#8230;<\/p>\n","protected":false},"author":4,"featured_media":0,"parent":0,"menu_order":0,"comment_status":"closed","ping_status":"closed","template":"","meta":{"ngg_post_thumbnail":0},"_links":{"self":[{"href":"https:\/\/romaniahonconsulate.lv\/lv\/wp-json\/wp\/v2\/pages\/17"}],"collection":[{"href":"https:\/\/romaniahonconsulate.lv\/lv\/wp-json\/wp\/v2\/pages"}],"about":[{"href":"https:\/\/romaniahonconsulate.lv\/lv\/wp-json\/wp\/v2\/types\/page"}],"author":[{"embeddable":true,"href":"https:\/\/romaniahonconsulate.lv\/lv\/wp-json\/wp\/v2\/users\/4"}],"replies":[{"embeddable":true,"href":"https:\/\/romaniahonconsulate.lv\/lv\/wp-json\/wp\/v2\/comments?post=17"}],"version-history":[{"count":2,"href":"https:\/\/romaniahonconsulate.lv\/lv\/wp-json\/wp\/v2\/pages\/17\/revisions"}],"predecessor-version":[{"id":469,"href":"https:\/\/romaniahonconsulate.lv\/lv\/wp-json\/wp\/v2\/pages\/17\/revisions\/469"}],"wp:attachment":[{"href":"https:\/\/romaniahonconsulate.lv\/lv\/wp-json\/wp\/v2\/media?parent=17"}],"curies":[{"name":"wp","href":"https:\/\/api.w.org\/{rel}","templated":true}]}}